{"id":9377,"date":"2024-04-25T11:04:33","date_gmt":"2024-04-25T09:04:33","guid":{"rendered":"http:\/\/wir-frangenheimer.de\/?page_id=9377"},"modified":"2026-05-10T08:07:44","modified_gmt":"2026-05-10T06:07:44","slug":"aktuelles","status":"publish","type":"page","link":"https:\/\/wir-frangenheimer.de\/?page_id=9377","title":{"rendered":"aktuelles"},"content":{"rendered":"<p>&nbsp;<\/p>\n<p><strong>08. Mai 2026<\/strong><\/p>\n<p>Liebe Frangenheimer,<\/p>\n<p>wir m\u00f6chten kurz zu den Vorstandswahlen im Rahmen der Mitgliederversammlung informieren.<br \/>\nZun\u00e4chst eine erfreuliche Nachricht: Mit Carsten Smidt und Martin Salentin konnten wir gleich zwei neue Beisitzer gewinnen. Wir freuen uns sehr \u00fcber die Verst\u00e4rkung!<br \/>\nLeider gab es keine Bewerber f\u00fcr das Amt des 1. Vorsitzenden. Dieser Posten ist also weiterhin zu besetzen.<br \/>\nWie geht es nun weiter?<br \/>\nWir bitten euch alle noch einmal eindringlich, eine Mitarbeit im Vorstand in Erw\u00e4gung zu ziehen. Schreibt oder ruft gern die aktuellen Vorstandsmitglieder an, wenn ihr Fragen habt. Sollte sich ein Bewerber oder eine Bewerberin f\u00fcr den 1. Vorsitzenden finden, werden wir zeitnah zu einer au\u00dferordentlichen Mitgliederversammlung einladen, um eine Wahl abzuhalten.<br \/>\nParallel werden wir uns im Vorstand Gedanken machen, ob eines der bestehenden Vorstandsmitglieder bereit w\u00e4re, den Vorsitz zu \u00fcbernehmen. Auch das w\u00fcrde jedoch nur funktionieren, wenn daf\u00fcr jemand auf einen anderen Posten nachr\u00fcckt. Daher sprecht uns bitte auch an, wenn ihr euch eine Mitarbeit im Vorstand auf einem anderen Posten vorstellen k\u00f6nnt.<br \/>\nWir hoffen sehr, dass wir den Schwebezustand im Vorstand schnell beenden k\u00f6nnen. Mit den neuen Beisitzern haben wir einen wichtigen Schritt getan. Lasst uns gemeinsam noch das letzte Puzzlest\u00fcck finden, damit der Verein weiterhin auf solidem Fundament steht!<\/p>\n<p>Viele Gr\u00fc\u00dfe<\/p>\n<p>Sebastian<br \/>\nf\u00fcr den Vorstand<\/p>\n<p>Wir mussten Abschied nehmen von unserem ersten Vorsitzenden der Dorfgemeinschaft Frangenheim. Viel zu fr\u00fch, im Alter von 49 Jahren, ist er am 13. November 2025 aus unserer aller Mitte gegangen. Johannes du wirst uns fehlen.<\/p>\n<p><a href=\"http:\/\/wir-frangenheimer.de\/wp-content\/uploads\/2026\/01\/baum-Kapelle_1.jpg\"><img loading=\"lazy\" decoding=\"async\" class=\"wp-image-9772 aligncenter\" src=\"http:\/\/wir-frangenheimer.de\/wp-content\/uploads\/2026\/01\/baum-Kapelle_1-839x1024.jpg\" alt=\"\" width=\"367\" height=\"444\" \/><\/a><\/p>\n<p>&nbsp;<\/p>\n<p>Schockerturnier Ginnick,<\/p>\n<p>im Rahmen der Kirmes in Ginnick fand am 01.08.25 in der alten Schule in Ginnick ein Schockerturnier statt.<\/p>\n<p>Eine Abordnung der Schockerfreunde Frangenheim nahm sehr erfolgreich an dem Turnier teil. Die ersten drei Pl\u00e4tze gingen alle an die Vertreter aus Frangenheim. Herzlichen Gl\u00fcckwunsch.<\/p>\n<p><a href=\"http:\/\/wir-frangenheimer.de\/wp-content\/uploads\/2025\/08\/IMG-20250801-WA0009.jpg\"><img loading=\"lazy\" decoding=\"async\" class=\"wp-image-9694 aligncenter\" src=\"http:\/\/wir-frangenheimer.de\/wp-content\/uploads\/2025\/08\/IMG-20250801-WA0009.jpg\" alt=\"\" width=\"228\" height=\"398\" \/><\/a> <a href=\"http:\/\/wir-frangenheimer.de\/wp-content\/uploads\/2025\/08\/WhatsApp-Bild-2025-08-01-um-23.06.06_25ee3116.jpg\"><img loading=\"lazy\" decoding=\"async\" class=\"aligncenter wp-image-9696\" src=\"http:\/\/wir-frangenheimer.de\/wp-content\/uploads\/2025\/08\/WhatsApp-Bild-2025-08-01-um-23.06.06_25ee3116.jpg\" alt=\"\" width=\"224\" height=\"296\" \/><\/a> <a href=\"http:\/\/wir-frangenheimer.de\/wp-content\/uploads\/2025\/08\/IMG-20250801-WA0007.jpg\"><img loading=\"lazy\" decoding=\"async\" class=\"wp-image-9692 aligncenter\" src=\"http:\/\/wir-frangenheimer.de\/wp-content\/uploads\/2025\/08\/IMG-20250801-WA0007.jpg\" alt=\"\" width=\"230\" height=\"400\" \/><\/a><\/p>\n<p><a href=\"http:\/\/wir-frangenheimer.de\/wp-content\/uploads\/2025\/08\/IMG-20250801-WA0008.jpg\"><img loading=\"lazy\" decoding=\"async\" class=\"wp-image-9693 aligncenter\" src=\"http:\/\/wir-frangenheimer.de\/wp-content\/uploads\/2025\/08\/IMG-20250801-WA0008.jpg\" alt=\"\" width=\"285\" height=\"502\" \/><\/a><\/p>\n<p>&nbsp;<\/p>\n<p><em><a href=\"http:\/\/wir-frangenheimer.de\/wp-content\/uploads\/2025\/06\/Anzeige-Schocker.jpg\"><img loading=\"lazy\" decoding=\"async\" class=\"alignnone size-full wp-image-9647\" src=\"http:\/\/wir-frangenheimer.de\/wp-content\/uploads\/2025\/06\/Anzeige-Schocker.jpg\" alt=\"\" width=\"1948\" height=\"1150\" srcset=\"https:\/\/wir-frangenheimer.de\/wp-content\/uploads\/2025\/06\/Anzeige-Schocker.jpg 1948w, https:\/\/wir-frangenheimer.de\/wp-content\/uploads\/2025\/06\/Anzeige-Schocker-300x177.jpg 300w, https:\/\/wir-frangenheimer.de\/wp-content\/uploads\/2025\/06\/Anzeige-Schocker-1024x605.jpg 1024w, https:\/\/wir-frangenheimer.de\/wp-content\/uploads\/2025\/06\/Anzeige-Schocker-768x453.jpg 768w, https:\/\/wir-frangenheimer.de\/wp-content\/uploads\/2025\/06\/Anzeige-Schocker-1536x907.jpg 1536w, https:\/\/wir-frangenheimer.de\/wp-content\/uploads\/2025\/06\/Anzeige-Schocker-500x295.jpg 500w\" sizes=\"auto, (max-width: 1948px) 100vw, 1948px\" \/><\/a><\/em><\/p>\n<p>&nbsp;<\/p>\n<p>&nbsp;<\/p>\n<p><em>Sebastian schreibt:<\/em><\/p>\n<p style=\"padding-left: 40px;\"><em>Liebe Frangenheimer,<\/em><\/p>\n<p style=\"padding-left: 40px;\"><em>heute wurde der Container geliefert, der k\u00fcnftig als Lager f\u00fcr den Dorfverein dienen soll. Wir m\u00f6chten euch kurz \u00fcber die n\u00e4chsten Schritte informieren.<\/em><br \/>\n<em>Sobald das Wetter es zul\u00e4sst, werden wir den Container reinigen und die Beschriftung entfernen. Anschlie\u00dfend wird der Container abgesenkt und final platziert. Dann k\u00f6nnen wir endlich das Material, das im Moment rund um das Dorfhaus gelagert wird, verr\u00e4umen, sodass der Dorfplatz wieder ordentlich ist.<\/em><br \/>\n<em>Wir diskutieren im Vorstand bereits Ideen, wie der Container &#8211; zum Beispiel durch Bepflanzung &#8211; sch\u00f6ner gestaltet werden kann. Hier sind wir f\u00fcr Vorschl\u00e4ge offen.<\/em><\/p>\n<p style=\"padding-left: 40px;\"><em>Euer Vorstand<\/em><\/p>\n<p>&nbsp;<\/p>\n<p><em>Sebastian schreibt:<\/em><\/p>\n<p style=\"padding-left: 40px;\"><em>Liebe Frangenheimer,<\/em><\/p>\n<p style=\"padding-left: 40px;\"><em>wir w\u00fcnschen euch, euren Familien und euren Freunden einen guten Rutsch ins Jahr 2025! \ud83e\udd42\ud83c\udf7e<\/em><br \/>\n<em>Danke an alle, die 2024 bei Veranstaltungen geholfen haben oder sogar komplette Veranstaltungen organisiert haben, den Pinsel bei der Renovierung des Dorfhauses geschwungen haben, Kuchen gebacken haben oder Gastgeber eines Fensterchens waren &#8211; gemeinsam haben wir 2024 einiges erreicht und vor allen Dingen viele sch\u00f6ne Stunden als Dorfgemeinschaft verbracht.<\/em><br \/>\n<em>Wir freuen uns darauf, auch 2025 gemeinsam mit euch das Frangenheimer Dorfleben zu gestalten.<\/em><\/p>\n<p style=\"padding-left: 40px;\"><em>Euer Vorstand<\/em><\/p>\n<p>&nbsp;<\/p>\n<p><a href=\"http:\/\/wir-frangenheimer.de\/wp-content\/uploads\/2024\/12\/PHOTO-2024-12-19-20-44-13.jpg\"><img loading=\"lazy\" decoding=\"async\" class=\"wp-image-9516 aligncenter\" src=\"http:\/\/wir-frangenheimer.de\/wp-content\/uploads\/2024\/12\/PHOTO-2024-12-19-20-44-13.jpg\" alt=\"\" width=\"403\" height=\"533\" \/><\/a><\/p>\n<p><em>Sebastian schreibt:<\/em><\/p>\n<p style=\"padding-left: 80px;\"><em>Liebe Frangenheimer,<\/em><br \/>\n<em>beim heutigen Ehrenamtsfest durften wir f\u00fcr die Dorfgemeinschaft Auszeichnungen beim Klimaschutzpreis (\u20ac200) und beim Heimatpreis (\u20ac1500) entgegennehmen. Verliehen wurden uns die Preise f\u00fcr das \u201eRecycling\u201c alter Kirchenb\u00e4nke im Dorfhaus, die Arbeiten am Dorfhaus in diesem Jahr sowie das Dorffest. All dies w\u00e4re ohne eure tatkr\u00e4ftige Unterst\u00fctzung nicht m\u00f6glich gewesen. Daf\u00fcr ein gro\u00dfer Dank!<\/em><\/p>\n<p>&nbsp;<\/p>\n<header class=\"entry-header\"><\/header>\n<div class=\"entry-content\">\n<h1 id=\"rightbar\"><\/h1>\n<\/div>\n","protected":false},"excerpt":{"rendered":"<p>&nbsp; 08. Mai 2026 Liebe Frangenheimer, wir m\u00f6chten kurz zu den Vorstandswahlen im Rahmen der Mitgliederversammlung informieren. Zun\u00e4chst eine erfreuliche Nachricht: Mit Carsten Smidt und Martin Salentin konnten wir gleich zwei neue Beisitzer gewinnen. Wir freuen uns sehr \u00fcber die &hellip; <a href=\"https:\/\/wir-frangenheimer.de\/?page_id=9377\">Weiterlesen <span class=\"meta-nav\">&rarr;<\/span><\/a><\/p>\n","protected":false},"author":2,"featured_media":0,"parent":0,"menu_order":0,"comment_status":"closed","ping_status":"closed","template":"","meta":{"_bbp_topic_count":0,"_bbp_reply_count":0,"_bbp_total_topic_count":0,"_bbp_total_reply_count":0,"_bbp_voice_count":0,"_bbp_anonymous_reply_count":0,"_bbp_topic_count_hidden":0,"_bbp_reply_count_hidden":0,"_bbp_forum_subforum_count":0,"footnotes":""},"class_list":["post-9377","page","type-page","status-publish","hentry"],"jetpack_sharing_enabled":true,"_links":{"self":[{"href":"https:\/\/wir-frangenheimer.de\/index.php?rest_route=\/wp\/v2\/pages\/9377","targetHints":{"allow":["GET"]}}],"collection":[{"href":"https:\/\/wir-frangenheimer.de\/index.php?rest_route=\/wp\/v2\/pages"}],"about":[{"href":"https:\/\/wir-frangenheimer.de\/index.php?rest_route=\/wp\/v2\/types\/page"}],"author":[{"embeddable":true,"href":"https:\/\/wir-frangenheimer.de\/index.php?rest_route=\/wp\/v2\/users\/2"}],"replies":[{"embeddable":true,"href":"https:\/\/wir-frangenheimer.de\/index.php?rest_route=%2Fwp%2Fv2%2Fcomments&post=9377"}],"version-history":[{"count":33,"href":"https:\/\/wir-frangenheimer.de\/index.php?rest_route=\/wp\/v2\/pages\/9377\/revisions"}],"predecessor-version":[{"id":9846,"href":"https:\/\/wir-frangenheimer.de\/index.php?rest_route=\/wp\/v2\/pages\/9377\/revisions\/9846"}],"wp:attachment":[{"href":"https:\/\/wir-frangenheimer.de\/index.php?rest_route=%2Fwp%2Fv2%2Fmedia&parent=9377"}],"curies":[{"name":"wp","href":"https:\/\/api.w.org\/{rel}","templated":true}]}}