{"id":68,"date":"2014-05-25T10:21:44","date_gmt":"2014-05-25T10:21:44","guid":{"rendered":"http:\/\/localhost:8888\/wordpress\/?page_id=68"},"modified":"2026-04-16T00:18:53","modified_gmt":"2026-04-15T22:18:53","slug":"tipps-fuer-zugezogene","status":"publish","type":"page","link":"https:\/\/wir-frangenheimer.de\/?page_id=68","title":{"rendered":"Tipps f\u00fcr Zugezogene"},"content":{"rendered":"<p>Wir begr\u00fc\u00dfen Sie in unserem kleinen aber auch sch\u00f6nen Frangenheim. Wir blicken auf eine lange Tradition zur\u00fcck als Ortsteil von Froitzheim.<\/p>\n<p>Diese Seite ist noch eine Baustelle.<\/p>\n<p><img loading=\"lazy\" decoding=\"async\" class=\"aligncenter\" src=\"https:\/\/cdn.pixabay.com\/photo\/2013\/07\/12\/14\/06\/construction-work-147759_1280.png\" alt=\"Bauarbeiten Strassenbauarbeiten - Kostenlose Vektorgrafik auf Pixabay ...\" width=\"88\" height=\"78\" \/><\/p>\n","protected":false},"excerpt":{"rendered":"<p>Wir begr\u00fc\u00dfen Sie in unserem kleinen aber auch sch\u00f6nen Frangenheim. Wir blicken auf eine lange Tradition zur\u00fcck als Ortsteil von Froitzheim. Diese Seite ist noch eine Baustelle.<\/p>\n","protected":false},"author":1,"featured_media":0,"parent":9,"menu_order":8,"comment_status":"closed","ping_status":"closed","template":"","meta":{"_bbp_topic_count":0,"_bbp_reply_count":0,"_bbp_total_topic_count":0,"_bbp_total_reply_count":0,"_bbp_voice_count":0,"_bbp_anonymous_reply_count":0,"_bbp_topic_count_hidden":0,"_bbp_reply_count_hidden":0,"_bbp_forum_subforum_count":0,"footnotes":""},"class_list":["post-68","page","type-page","status-publish","hentry"],"jetpack_sharing_enabled":true,"_links":{"self":[{"href":"https:\/\/wir-frangenheimer.de\/index.php?rest_route=\/wp\/v2\/pages\/68","targetHints":{"allow":["GET"]}}],"collection":[{"href":"https:\/\/wir-frangenheimer.de\/index.php?rest_route=\/wp\/v2\/pages"}],"about":[{"href":"https:\/\/wir-frangenheimer.de\/index.php?rest_route=\/wp\/v2\/types\/page"}],"author":[{"embeddable":true,"href":"https:\/\/wir-frangenheimer.de\/index.php?rest_route=\/wp\/v2\/users\/1"}],"replies":[{"embeddable":true,"href":"https:\/\/wir-frangenheimer.de\/index.php?rest_route=%2Fwp%2Fv2%2Fcomments&post=68"}],"version-history":[{"count":12,"href":"https:\/\/wir-frangenheimer.de\/index.php?rest_route=\/wp\/v2\/pages\/68\/revisions"}],"predecessor-version":[{"id":9841,"href":"https:\/\/wir-frangenheimer.de\/index.php?rest_route=\/wp\/v2\/pages\/68\/revisions\/9841"}],"up":[{"embeddable":true,"href":"https:\/\/wir-frangenheimer.de\/index.php?rest_route=\/wp\/v2\/pages\/9"}],"wp:attachment":[{"href":"https:\/\/wir-frangenheimer.de\/index.php?rest_route=%2Fwp%2Fv2%2Fmedia&parent=68"}],"curies":[{"name":"wp","href":"https:\/\/api.w.org\/{rel}","templated":true}]}}