{"id":54,"date":"2014-05-25T09:58:34","date_gmt":"2014-05-25T09:58:34","guid":{"rendered":"http:\/\/localhost:8888\/wordpress\/?page_id=54"},"modified":"2026-05-10T08:10:32","modified_gmt":"2026-05-10T06:10:32","slug":"satzung","status":"publish","type":"page","link":"https:\/\/wir-frangenheimer.de\/?page_id=54","title":{"rendered":"Vereinsstruktur"},"content":{"rendered":"<div id=\"main\">\n<div>\n<h1>Satzung<\/h1>\n<\/div>\n<p>\u2192\u00a0<a href=\"http:\/\/wir-frangenheimer.de\/wp-content\/uploads\/2014\/05\/Satzung_der_Dorfgemeinschaft_Frangenheim_e.pdf\">Satzung als PDF herunterladen<\/a><\/p>\n<div>\n<p><strong>Satzung der Dorfgemeinschaft Frangenheim e. V. <\/strong><\/p>\n<p><strong>\u00a7 1 Vereinsname &#8211; Vereinssitz<\/strong><\/p>\n<p>Der Verein f\u00fchrt den Namen \u201eDorfgemeinschaft Frangenheim e. V.\u201c, hat seinen<\/p>\n<p>Sitz in Vettwei\u00df-Frangenheim und soll in das Vereinsregister beim Amtsgericht<\/p>\n<p>D\u00fcren eingetragen werden.<\/p>\n<p><strong>\u00a7 2 Zweck des Vereins<\/strong><\/p>\n<p>Zweck des Vereins ist:<\/p>\n<ol>\n<li>a) die Pflege des Brauchtums im Ortsteil Frangenheim<\/li>\n<li>b) die Instandhaltung des \u201eKapellchens\u201c<\/li>\n<li>c) die Nutzung des B\u00fcrgerhauses<\/li>\n<li>d) die Ortversch\u00f6nerung<\/li>\n<\/ol>\n<p>Der Verein verfolgt ausschlie\u00dflich und unmittelbar gemeinn\u00fctzige Ziele. Der Verein ist selbstlos t\u00e4tig, er verfolgt nicht in erster Linie eigenwirtschaftliche Zwecke.<\/p>\n<p>Mittel des Vereins d\u00fcrfen nur f\u00fcr die satzungsgem\u00e4\u00dfen Zwecke verwendet werden. Die Mitglieder erhalten keine Zuwendung aus Mitteln des Vereins. Es darf keine Person durch Ausgaben, die dem Zweck des Vereins fremd sind\u00a0oder durch unverh\u00e4ltnism\u00e4\u00dfig hohe Verg\u00fctungen beg\u00fcnstigt werden.<\/p>\n<p><strong>\u00a7 3 Mitgliedschaft<\/strong><\/p>\n<ol>\n<li>Mitglied kann jede Person werden, die in Frangenheim wohnt und das10. Lebensjahr vollendet hat.<\/li>\n<li>\u00dcber den schriftlichen Aufnahmeantrag entscheidet der Vorstand. F\u00fcr die Minderj\u00e4hrigen beantragen die Eltern die Aufnahme. Die Aufgaben der Mitglieder sind F\u00f6rderung und Unterst\u00fctzung des Vereinszwecks.<\/li>\n<li>Der Austritt aus dem Verein ist zu jedem Quartalsende zul\u00e4ssig. Er erfolgt durch schriftliche Erkl\u00e4rung gegen\u00fcber einem Vorstandsmitglied. Neben der Einzelmitgliedschaft besteht die M\u00f6glichkeit der Familienmitgliedschaft.<\/li>\n<\/ol>\n<p><strong>\u00a7 4 Mitgliedsbeitrag<\/strong><\/p>\n<p>Der j\u00e4hrlich zu zahlende Mitgliederbeitrag wird von der Mitgliederversammlung festgesetzt.<\/p>\n<p><strong>\u00a7 5 Organe des Vereins<\/strong><\/p>\n<p>Die Organe des Vereins sind die Mitgliederversammlung und der Vorstand.<\/p>\n<p><strong>\u00a7 6 Der Vorstand<\/strong><\/p>\n<p>Der Vorstand im Sinne des \u00a7 26 BGB besteht aus dem:<\/p>\n<p>&#8211; 1. Vorsitzenden<\/p>\n<p>&#8211; 2. Vorsitzenden<\/p>\n<p>&#8211; Schriftf\u00fchrer<\/p>\n<p>&#8211; Kassierer<\/p>\n<p>&#8211; Zwei weiteren Mitgliedern<\/p>\n<p>Je zwei derselben sind gemeinschaftlich vertretungsberechtigt, wobei einer der 1. Vorsitzende oder der 2. Vorsitzende sein muss.<\/p>\n<p>Die Mitglieder des Vorstands m\u00fcssen Vereinsmitglieder sein. Der Vorstand wird von der Mitgliederversammlung f\u00fcr die Dauer von vier Jahren gew\u00e4hlt.<\/p>\n<p>Er bleibt jedoch auch nach Ablauf der Amtszeit bis zur Neuwahl des Vorstandes im Amt.<\/p>\n<p><strong>\u00a7 7 Mitgliederversammlung<\/strong><\/p>\n<ol>\n<li>Die ordentliche Mitgliederversammlung findet j\u00e4hrlich und zwar im zweiten Quartal statt. Au\u00dferdem muss die Mitgliederversammlung einberufen werden, wenn das Interesse des Vereins es erfordert oder wenn die Einberufung von einem F\u00fcnftel der Mitglieder unter Angabe des Zwecks und der Gr\u00fcnde vom Vorstand schriftlich verlangt wird. Die ordentliche Mitgliederversammlung legt j\u00e4hrlich zwei Kassenpr\u00fcfer neu fest.<\/li>\n<\/ol>\n<ol start=\"2\">\n<li>Jede Mitgliederversammlung wird von einem der beiden Vorsitzenden schriftlich unter Einhaltung einer Einladungsfrist von zwei Wochen einberufen. Dabei ist die vom Vorstand festgesetzte Tagesordnung mitzuteilen. Geplante Satzungs\u00e4nderungen sind im Wortlaut anzugeben.<\/li>\n<\/ol>\n<ol start=\"3\">\n<li>Die Mitgliederversammlung wird vom 1. Vorsitzenden, bei dessen Verhinderung von 2. Vorsitzenden geleitet. Ist auch dieser verhindert, w\u00e4hlt die Versammlung aus ihrer Mitte den Versammlungsleiter. Die Mitgliederversammlung kann eine Erg\u00e4nzung der vom Vorstand festgesetzten Tagesordnung beschlie\u00dfen. Hiervon ausgenommen sind Satzungs\u00e4nderungen.<\/li>\n<li>Soweit die Satzung nichts anderes sagt, entscheidet bei der Beschlussfassung der Mitgliederversammlung die Mehrheit der abgegebenen g\u00fcltigen Stimmen. Minderj\u00e4hrige haben kein Stimmrecht.<\/li>\n<\/ol>\n<p>Sie werden von einem Jugendsprecher vertreten, der mindestens 16.Jahre alt ist. Stimmenthaltungen bleiben au\u00dfer Betracht.<\/p>\n<p>Zur \u00c4nderung der Satzung ist eine Mehrheit von 2\/3, zur \u00c4nderung des Vereins-<\/p>\n<p>zwecks und zur Aufl\u00f6sung des Vereins ist eine Mehrheit von 4\/5 der abgegebenen g\u00fcltigen Stimmen erforderlich.<\/p>\n<p>Die Art der Abstimmung wird grunds\u00e4tzlich vom Versammlungsleiter festgesetzt. Die Abstimmung muss jedoch schriftlich durchgef\u00fchrt werden, wenn 1\/5 der bei der jeweiligen Abstimmung anwesenden Mitglieder dies beantragt.<\/p>\n<p style=\"padding-left: 40px;\">5. Die Beschl\u00fcsse der Mitgliederversammlung sind zu Beweiszwecken in ein Protokollbuch einzutragen und vom jeweiligen Versammlungsleiter zu unterschreiben. Dabei sollen Ort und Zeit der Versammlung, die Zahl der anwesenden Mitglieder sowie das jeweilige Abstimmungsergebnis\u00a0festgehalten werden.<\/p>\n<p><strong>\u00a7 8 Aufl\u00f6sung des Vereins<\/strong><\/p>\n<p>Im Falle der Aufl\u00f6sung des Vereins wird die Liquidation des Vereins durch die amtierenden Vorstandsmitglieder durchgef\u00fchrt, wobei je zwei derselben gemeinschaftlich vertretungsberechtigt sind.<\/p>\n<p>Das nach der Abwicklung verbleibende Vereinsverm\u00f6gen f\u00e4llt der Gemeinde Vettwei\u00df mit der Auflage zu, es zu jugendf\u00f6rdernden Zwecken in Frangenheim zu verwenden.<\/p>\n<p><strong>\u00a7 9 Satzungsbeschluss<\/strong><\/p>\n<p>Diese Satzung ist auf der Versammlung vom 02.06.1992 angenommen worden, was die Mitglieder durch ihre nachstehende Unterschrift bekunden.<\/p>\n<p>Vettwei\u00df-Frangenheim, den 02.06.1992<\/p>\n<p>Einschlie\u00dflich \u00c4nderung durch die Mitgliederversammlung vom 08. 01. 1993<\/p>\n<p>Einschlie\u00dflich \u00c4nderung durch die Mitgliederversammlung vom 14. 06. 2002<\/p>\n<\/div>\n<p>\u2192\u00a0<a href=\"http:\/\/wir-frangenheimer.de\/wp-content\/uploads\/2014\/05\/Satzung_der_Dorfgemeinschaft_Frangenheim_e.pdf\">Satzung als PDF herunterladen<\/a><\/p>\n<\/div>\n<h1 id=\"rightbar\">Vorstand:<\/h1>\n<p>Die Mitgliederversammlung hat am 22. Mai 2025 f\u00fcr vier Jahre gew\u00e4hlt:<\/p>\n<table class=\"contenttable contenttable-0\" style=\"color: #000000;\">\n<tbody>\n<tr class=\"tr-even tr-0\">\n<td class=\"td-0\">&nbsp;<\/p>\n<table class=\"contenttable contenttable-0\" style=\"color: #000000;\">\n<tbody>\n<tr class=\"tr-even tr-0\">\n<td class=\"td-0\">1. Vorsitzende<\/td>\n<td class=\"td-last td-1\">Johannes Keldenich (\u2020)<\/td>\n<\/tr>\n<tr class=\"tr-odd tr-1\">\n<td class=\"td-0\">2. Vorsitzender<\/td>\n<td class=\"td-last td-1\">Sebastian Bl\u00fcmert<\/td>\n<\/tr>\n<tr class=\"tr-even tr-2\">\n<td class=\"td-0\">Schriftf\u00fchrer<\/td>\n<td class=\"td-last td-1\">Erik Linnerz<\/td>\n<\/tr>\n<tr class=\"tr-odd tr-3\">\n<td class=\"td-0\">Kassierer<\/td>\n<td class=\"td-last td-1\">Steffi Pohl<\/td>\n<\/tr>\n<tr class=\"tr-even tr-4\">\n<td class=\"td-0\">1. Beisitzer<\/td>\n<td class=\"td-last td-1\">Jan Kramer<\/td>\n<\/tr>\n<tr class=\"tr-odd tr-5\">\n<td class=\"td-0\">2. Beisitzer<\/td>\n<td class=\"td-last td-1\">Rainer Kammers<\/td>\n<\/tr>\n<\/tbody>\n<\/table>\n<\/td>\n<td class=\"td-last td-1\"><\/td>\n<\/tr>\n<tr class=\"tr-odd tr-1\">\n<td class=\"td-0\">Erweiterter Vorstand:<\/p>\n<ul>\n<li>Frau Nicole Meisen<\/li>\n<li>Frau H\u00f6lscher (Jugendbeauftragte)<\/li>\n<\/ul>\n<p>&nbsp;<\/td>\n<td class=\"td-last td-1\"><\/td>\n<\/tr>\n<tr class=\"tr-even tr-2\">\n<td class=\"td-0\"><\/td>\n<td class=\"td-last td-1\"><\/td>\n<\/tr>\n<tr class=\"tr-odd tr-3\">\n<td class=\"td-0\"><\/td>\n<td class=\"td-last td-1\"><\/td>\n<\/tr>\n<tr class=\"tr-even tr-4\">\n<td class=\"td-0\"><\/td>\n<td class=\"td-last td-1\"><\/td>\n<\/tr>\n<tr class=\"tr-odd tr-5\">\n<td class=\"td-0\"><\/td>\n<td class=\"td-last td-1\"><\/td>\n<\/tr>\n<tr class=\"tr-even tr-6\">\n<td class=\"td-0\"><\/td>\n<td class=\"td-last td-1\"><\/td>\n<\/tr>\n<tr class=\"tr-odd tr-7\">\n<td class=\"td-0\"><\/td>\n<td class=\"td-last td-1\"><\/td>\n<\/tr>\n<tr class=\"tr-even tr-8\">\n<td class=\"td-0\"><\/td>\n<td class=\"td-last td-1\"><\/td>\n<\/tr>\n<tr class=\"tr-odd tr-last\">\n<td class=\"td-0\"><\/td>\n<td class=\"td-last td-1\"><\/td>\n<\/tr>\n<\/tbody>\n<\/table>\n","protected":false},"excerpt":{"rendered":"<p>Satzung \u2192\u00a0Satzung als PDF herunterladen Satzung der Dorfgemeinschaft Frangenheim e. V. \u00a7 1 Vereinsname &#8211; Vereinssitz Der Verein f\u00fchrt den Namen \u201eDorfgemeinschaft Frangenheim e. V.\u201c, hat seinen Sitz in Vettwei\u00df-Frangenheim und soll in das Vereinsregister beim Amtsgericht D\u00fcren eingetragen werden. &hellip; <a href=\"https:\/\/wir-frangenheimer.de\/?page_id=54\">Weiterlesen <span class=\"meta-nav\">&rarr;<\/span><\/a><\/p>\n","protected":false},"author":1,"featured_media":0,"parent":0,"menu_order":15,"comment_status":"closed","ping_status":"closed","template":"","meta":{"_bbp_topic_count":0,"_bbp_reply_count":0,"_bbp_total_topic_count":0,"_bbp_total_reply_count":0,"_bbp_voice_count":0,"_bbp_anonymous_reply_count":0,"_bbp_topic_count_hidden":0,"_bbp_reply_count_hidden":0,"_bbp_forum_subforum_count":0,"footnotes":""},"class_list":["post-54","page","type-page","status-publish","hentry"],"jetpack_sharing_enabled":true,"_links":{"self":[{"href":"https:\/\/wir-frangenheimer.de\/index.php?rest_route=\/wp\/v2\/pages\/54","targetHints":{"allow":["GET"]}}],"collection":[{"href":"https:\/\/wir-frangenheimer.de\/index.php?rest_route=\/wp\/v2\/pages"}],"about":[{"href":"https:\/\/wir-frangenheimer.de\/index.php?rest_route=\/wp\/v2\/types\/page"}],"author":[{"embeddable":true,"href":"https:\/\/wir-frangenheimer.de\/index.php?rest_route=\/wp\/v2\/users\/1"}],"replies":[{"embeddable":true,"href":"https:\/\/wir-frangenheimer.de\/index.php?rest_route=%2Fwp%2Fv2%2Fcomments&post=54"}],"version-history":[{"count":29,"href":"https:\/\/wir-frangenheimer.de\/index.php?rest_route=\/wp\/v2\/pages\/54\/revisions"}],"predecessor-version":[{"id":9847,"href":"https:\/\/wir-frangenheimer.de\/index.php?rest_route=\/wp\/v2\/pages\/54\/revisions\/9847"}],"wp:attachment":[{"href":"https:\/\/wir-frangenheimer.de\/index.php?rest_route=%2Fwp%2Fv2%2Fmedia&parent=54"}],"curies":[{"name":"wp","href":"https:\/\/api.w.org\/{rel}","templated":true}]}}